{"id":7038,"date":"2018-01-29T14:46:16","date_gmt":"2018-01-29T13:46:16","guid":{"rendered":"http:\/\/jalle-astro.fr\/wp\/?page_id=7038"},"modified":"2025-07-28T14:00:41","modified_gmt":"2025-07-28T13:00:41","slug":"astro-electronique","status":"publish","type":"page","link":"http:\/\/jalle-astro.fr\/wp\/astro-electronique\/","title":{"rendered":"Astro-Electronique"},"content":{"rendered":"<table class=\"table table-striped\" style=\"margin-bottom: 0px; width: 100.001%;\">\n<tbody>\n<tr>\n<td style=\"width: 18.295%;\"><strong>Animateurs :\u00a0<\/strong><\/td>\n<td style=\"width: 255.962%; text-align: left;\">Philippe CONI et Serge HOUDEBINE<\/td>\n<\/tr>\n<tr>\n<td style=\"width: 18.295%;\"><strong>Statut :<br \/>\n<\/strong><\/td>\n<td style=\"width: 255.962%; text-align: left;\">Atelier en cours<\/td>\n<\/tr>\n<\/tbody>\n<\/table>\n<h2>Introduction<\/h2>\n<p>Beaucoup d&rsquo;automatismes en astronomie exigent la connaissance des circuits \u00e9lectroniques et de la programmation informatique. Ce sont des domaines bien diff\u00e9rents de l&rsquo;astronomie mais leur connaissance permet d&rsquo;appr\u00e9hender et de maitriser les outils d&rsquo;aide \u00e0 l&rsquo;observation et \u00e0 la photographie.<br \/>\nLe club a choisi un standard de d\u00e9veloppement pour \u00e9laborer les petits automates: le mat\u00e9riel Arduino compos\u00e9 de cartes avec microprocesseur, capteurs et actionneurs. Le d\u00e9veloppement logiciel se fait en langage C.<br \/>\nAfin de permettre aux membres de Jalle-Astro int\u00e9ress\u00e9s par la compr\u00e9hension et le savoir faire de tels outils, un atelier Astro-Electronique est cr\u00e9e pour englober diff\u00e9rents projets en une structure commune.<\/p>\n<h2>Pr\u00e9-requis<\/h2>\n<p>Cet atelier est ouvert \u00e0 tous les membres motiv\u00e9s connaissant les bases de l&rsquo;\u00e9lectricit\u00e9 et de la programmation.<\/p>\n<h2>Objectifs<\/h2>\n<p>L\u2019objectif du volet connaissance Arduino est de comprendre un sch\u00e9ma et un programme associ\u00e9 et savoir le r\u00e9aliser au sein d&rsquo;un projet collectif. Afin d&rsquo;\u00e9viter des redites au cours de chaque projet, cet enseignement de base est fourni en pr\u00e9alable.<\/p>\n<h2>D\u00e9roulement de l&rsquo;enseignement<\/h2>\n<p>Une \u00e0 deux s\u00e9ances par mois, \u00e9tablies selon le calendrier du club. Elles ont lieu le vendredi soir, de 21 heures \u00e0 23 heures.<\/p>\n<p>&nbsp;<\/p>\n<div class=\"fcbkbttn_buttons_block\" id=\"fcbkbttn_left\"><div class=\"fb-share-button  \" data-href=\"http:\/\/jalle-astro.fr\/wp\/astro-electronique\/\" data-type=\"button\" data-size=\"small\"><\/div><\/div>","protected":false},"excerpt":{"rendered":"<p>Animateurs :\u00a0 Philippe CONI et Serge HOUDEBINE Statut : Atelier en cours Introduction Beaucoup d&rsquo;automatismes en astronomie exigent la connaissance des circuits \u00e9lectroniques et de &hellip;<\/p>\n","protected":false},"author":8,"featured_media":200435,"parent":0,"menu_order":0,"comment_status":"closed","ping_status":"closed","template":"","meta":{"_monsterinsights_skip_tracking":false,"_monsterinsights_sitenote_active":false,"_monsterinsights_sitenote_note":"","_monsterinsights_sitenote_category":0,"_mc_calendar":[],"footnotes":""},"class_list":["post-7038","page","type-page","status-publish","has-post-thumbnail","hentry"],"_links":{"self":[{"href":"http:\/\/jalle-astro.fr\/wp\/wp-json\/wp\/v2\/pages\/7038","targetHints":{"allow":["GET"]}}],"collection":[{"href":"http:\/\/jalle-astro.fr\/wp\/wp-json\/wp\/v2\/pages"}],"about":[{"href":"http:\/\/jalle-astro.fr\/wp\/wp-json\/wp\/v2\/types\/page"}],"author":[{"embeddable":true,"href":"http:\/\/jalle-astro.fr\/wp\/wp-json\/wp\/v2\/users\/8"}],"replies":[{"embeddable":true,"href":"http:\/\/jalle-astro.fr\/wp\/wp-json\/wp\/v2\/comments?post=7038"}],"version-history":[{"count":18,"href":"http:\/\/jalle-astro.fr\/wp\/wp-json\/wp\/v2\/pages\/7038\/revisions"}],"predecessor-version":[{"id":432957,"href":"http:\/\/jalle-astro.fr\/wp\/wp-json\/wp\/v2\/pages\/7038\/revisions\/432957"}],"wp:featuredmedia":[{"embeddable":true,"href":"http:\/\/jalle-astro.fr\/wp\/wp-json\/wp\/v2\/media\/200435"}],"wp:attachment":[{"href":"http:\/\/jalle-astro.fr\/wp\/wp-json\/wp\/v2\/media?parent=7038"}],"curies":[{"name":"wp","href":"https:\/\/api.w.org\/{rel}","templated":true}]}}